{"id":70,"date":"2017-03-19T10:47:28","date_gmt":"2017-03-19T09:47:28","guid":{"rendered":"http:\/\/romsaasgront.no\/wordpress\/?page_id=70"},"modified":"2025-12-16T19:54:07","modified_gmt":"2025-12-16T18:54:07","slug":"nyheter-og-informasjon","status":"publish","type":"page","link":"http:\/\/romsaasgront.no\/wordpress\/index.php\/nyheter-og-informasjon\/","title":{"rendered":"Nyheter og informasjon"},"content":{"rendered":"\n<h2 class=\"wp-block-heading\">LYS I PARKEN<\/h2>\n\n\n\n<p id=\"block-f6fa0b13-c729-4277-812c-bea8c85037a5\">Gardermoen Elektro AS kommer og reparerer feilen ved lysanlegget fredag 19. desember<\/p>\n\n\n\n<p id=\"block-1f72ab78-0c30-48e2-85e3-f84c77531298\">Styret i Romsaas Gr\u00f8nt Sameie<\/p>\n\n\n\n<h2 class=\"wp-block-heading\">LYS I PARKEN<\/h2>\n\n\n\n<p>N\u00e5 er det igjen m\u00f8rkt i parken. Grunnen er at det er en jordfeil bryter som sl\u00e5r ut lyset. Gardermoen Elektro AS er p\u00e5 saken, men sliter med \u00e5 finne hvor i anlegget feilen er. Vi h\u00e5per at vi snart finner ut av dette, og at vi f\u00e5r lys som er stabilt. Vi beklager ulempen dette medf\u00f8rer for de som ferdes i parken.<\/p>\n\n\n\n<p>Styret i Romsaas Gr\u00f8nt Sameie<\/p>\n\n\n\n<p><\/p>\n\n\n\n<p>Julen 2025<\/p>\n\n\n\n<p>Styret \u00f8nsker alle en riktig GOD JUL og GODT NYTT\u00c5R<\/p>\n\n\n\n<figure class=\"wp-block-image size-full is-resized\"><img loading=\"lazy\" decoding=\"async\" width=\"615\" height=\"414\" src=\"https:\/\/romsaasgront.no\/wordpress\/wp-content\/uploads\/2024\/12\/image.png\" alt=\"\" class=\"wp-image-276\" style=\"width:832px;height:auto\" srcset=\"http:\/\/romsaasgront.no\/wordpress\/wp-content\/uploads\/2024\/12\/image.png 615w, http:\/\/romsaasgront.no\/wordpress\/wp-content\/uploads\/2024\/12\/image-300x202.png 300w\" sizes=\"auto, (max-width: 615px) 100vw, 615px\" \/><\/figure>\n\n\n\n<p><strong>Groing vannannlegg<\/strong><\/p>\n\n\n\n<p>P\u00e5 \u00e5rsm\u00f8te den 22.04.24, ble det kommentert at det er mye groing og alger i vannanlegget, spesielt i bassengene, og at det ble foresl\u00e5tt \u00e5 tilsette kalk. Vi har forelagt dette for v\u00e5r samarbeidspartner Aqua Fontener AS, og de svarer f\u00f8lgende: <\/p>\n\n\n\n<p>Vi benytter Uv-behandling av vannet, som dreper det som er i vannet ved passering. Vi tilsetter ogs\u00e5 ganske mye kjemikalier (klor og algedreper), slik man bruker i basseng. Kalk setter seg som et belegg i pumper og reduserer levetiden. Med s\u00e5 store vannflater og relativt lite vannf\u00f8ring, blir det alger og groing. Det kommer av at gress, l\u00f8v og annet b\u00f8ss skaper groing i varmen. Groing vil \u00f8ke ved varme, og reduseres p\u00e5 kaldere dager.<\/p>\n\n\n\n<p>29.04.24<\/p>\n\n\n\n<p>Styret<\/p>\n\n\n\n<p><\/p>\n\n\n\n<h2 class=\"wp-block-heading\">Julehilsen 2023<\/h2>\n\n\n\n<figure class=\"wp-block-gallery has-nested-images columns-default is-cropped wp-block-gallery-1 is-layout-flex wp-block-gallery-is-layout-flex\"><\/figure>\n\n\n\n<blockquote class=\"wp-block-quote is-layout-flow wp-block-quote-is-layout-flow\">\n<p>Styret i Romsaas Gr\u00f8nt \u00d8nsker alle en riktig fin f\u00f8rjulstid og \u00f8nsker alle en God jul og Godt Nytt\u00e5r<\/p>\n<\/blockquote>\n\n\n<h2>Vannanlegget<\/h2>\n<p>H\u00f8sten er i anmarsj og det n\u00e6rmer seg tiden for \u00e5 avslutte&nbsp; driften av vannanlegget. Vi har besluttet \u00e5 stenge av fredag 08.09, og h\u00e5per at vann i fontene og vannrenne\/ basseng har v\u00e6rt til glede for mange i v\u00e5rt omr\u00e5de<\/p>\n<h2>Lys i parken<\/h2>\n<p>Lyset langs gangvegene i parken har v\u00e6rt borte noen dager. Det er tydeligvis en jordfeil et sted &#8211; vi jobber med og finne feilen, slikt at lyset kommer p\u00e5 igjen ut i neste uke.<\/p>\n<h2>&nbsp;<\/h2>\n<h2>Grillplass i parken<\/h2>\n<p>Vi har &#8211; etter \u00f8nske fra beboere &#8211; etablert en grillplass i parken, i n\u00e6rheten av det lille r\u00f8de pumpehuset. Plassen er asfaltert og ligger inntil gangveg, og er lett tilgjengelig for rullestolbrukere. Plassen kan benyttes b\u00e5de av beboere i n\u00e6romr\u00e5det og andre.<\/p>\n<p>B\u00e5de grill og avlastningsbord er i rustfritt st\u00e5l, og har s\u00e5ledes lang levetid. For s\u00f8ppelh\u00e5ndtering er der en beholder for engangsgriller og en for annet s\u00f8ppel. Disse blir regelmessig t\u00f8mt av v\u00e5r partner Toma.<\/p>\n<p>De som \u00f8nsker \u00e5 benytte grillen, m\u00e5 medbringe grillkull og tennveske. Benyttes engangsgrill, m\u00e5 denne settes opp p\u00e5 grillen &#8211; IKKE P\u00c5 BORDET &#8211; da blir det svimerker. Ellers gjelder vanlige ordensregler &#8211; FORLAT OMR\u00c5DET I SAMME STAND SOM DU SELV \u00d8NSKER \u00c5 FINNE DET.<\/p>\n<p>Da h\u00e5per vi at det blir mye fint grillv\u00e6r i sommer &#8211; at mange finer veien til parken &#8211; og at dette blir hyggelig treffpunkt.<\/p>\n<p>Vi anmoder det enkelte sameie\/borettslag til \u00e5 informere sine beboere om dette nye tilbudet.<\/p>\n<h2>&nbsp;<\/h2>\n<h2>Avtale med Ullensaker kommune<\/h2>\n<div>Romsaas Gr\u00f8nt Sameie har inng\u00e5tt avtale med Ullensaker kommune om drift av vannanlegget og kommunens fontene p\u00e5 torget ved Elkj\u00f8p.<\/div>\n<div>Denne avtalen gj\u00f8r at kostnaden for drift av anlegget fordeles, slik at ikke alt faller p\u00e5 RGS &#8211; og dermed beboerne i v\u00e5rt omr\u00e5de.<\/div>\n<div>Avtalen gj\u00f8r at rammen rundt driften av vannanlegget blir mere robust.<\/div>\n<h2>&nbsp;<\/h2>\n<h2>Oppstart vannanlegget 2022<\/h2>\n<p>Det m\u00e5tte byttes deler i pumpesystemet i fjor, og vi vil n\u00e5 se at alt fungerer f\u00f8r vi starter opp.<br \/>Vi avventer derfor oppstart av vannanlegget til vi har f\u00e5tt testet utstyret av servicetekniker fra Grundfos, som er leverand\u00f8r av pumpene.<br \/>Vi starter anlegget s\u00e5 snart det er praktisk mulig.<\/p>\n<h2>&nbsp;<\/h2>\n<h2>&nbsp;<\/h2>\n<h2>Vannanlegget<\/h2>\n<p>Som mang vel har sett, er driften av vannanlegget ustabil. Der er utfordringer med for h\u00f8yt vannforbruk samtidig som pumpesystemet ikke fungerer optimalt. Aqua Fontener som er servicepartner, gj\u00f8r ulike tester, samtidig som det er bestilt service p\u00e5 pumpene. Det er leverand\u00f8ren av pumpene Grundfos Norge, som vil foreta service p\u00e5 pumpeanlegget. Sundby Eiendom AS st\u00e5r for det arbeidet som n\u00e5 utf\u00f8res, Romsaas Gr\u00f8nt Sameie vil ha ansvar for anlegget n\u00e5r alt er tilrettelagt for normal drift. Det er fortsatt en del tid igjen av sesongen, og vi h\u00e5per at vi kan f\u00e5 glede av vannanlegget om ikke altfor lenge.<\/p>\n<h2>LYS GANGVEGER<\/h2>\n<p>Som sikkert mange har sett, er det anlagt gangveg fra omr\u00e5det\/gangvegen ved Romsaas Barnehage og over til Flatavegen. Omtrent midtveis mellom barnehagen og Flatavegen, er det n\u00e5 ogs\u00e5 satt opp et veglys som lyser godt opp i omr\u00e5det langs den nye gangvegen.<\/p>\n<p>N\u00e5r dert gjelder lyset langs gangvegen som g\u00e5r fra torget ved Elkj\u00f8p og nedover forbi Romsaas Barnehage, har det v\u00e6rt en utfordring \u00e5 f\u00e5 stabil drift. Det har til dels skyldes&nbsp; feilkoblinger men ogs\u00e5 flere kabelbrudd. Vi har m\u00e5ttet grave opp og legge ny kabel mellom enkelte lampepunkt. N\u00e5 h\u00e5per vi at problemene er l\u00f8st, og at alle lamper langs denne gangvegen fungerer fremover.<\/p>\n<h2>BR\u00d8YTEBOMMER<\/h2>\n<p>Det er satt opp s\u00e5kalte br\u00f8ytebommer nederst i gangvegen som g\u00e5r fra Gardermovegen og ned til torget ved Elkj\u00f8p. Br\u00f8ytebommene erstatter steinblokkene som var plasser der. Ullensaker kommune forlangte at disse m\u00e5tte fjernes, da de utgjorde en potensiell fare for barn og andre som syklet nedover gangvegen.<\/p>\n<h2>NYTT GR\u00d8NTOMR\u00c5DE<\/h2>\n<p>Utbyggingen av Jessheimhagen Boligsameie (rekkehusene langs Langbr\u00e5ten) er n\u00e5 ferdig og alle boenheter er tatt i bruk. Som en del av utbyggingsavtalen, skal utbygger opparbeide et gr\u00f8ntomr\u00e5de som ligger syd for bebyggelsen. Omr\u00e5det er p\u00e5 det n\u00e6rmeste ferdigstilt, kun mindre justeringer gjenst\u00e5r. Dette omr\u00e5det skal overtas og vedlikeholdes av RGS. Denne kostnaden vil det bli tatt hensyn til ved utarbeidelsen av budsjettet for 2019.<\/p>\n<h2>PROSJEKTER SOM GJENST\u00c5R<\/h2>\n<p>Utbyggingen i v\u00e5rt omr\u00e5de begynner \u00e5 n\u00e6rme seg slutten. Det som gjenst\u00e5r er hotellet, hvor Host Jessheim AS er utbygger. First Hotels AS skal drive hotellet.<\/p>\n<p>RGS har f\u00e5tt presentert hotellplanene, og vi syns dette ser spennende ut og tror at dette vil bli et attraktivt tilbud ogs\u00e5 til lokalbefolkningen. Byggearbeidet bergenes \u00e5 starte opp i januar 2019. Her skal det ogs\u00e5 opparbeides et gr\u00f8ntomr\u00e5de som skal vedlikeholdes av RGS.<\/p>\n<p>Det er planlagt 13 rekkehus i omr\u00e5det mellom blokkene som tilh\u00f8rer Jessheim Hageby III og Jessheim Hageby IV. Prospektet ligger ute p\u00e5 finn.no. N\u00e5r dette er fullf\u00f8rt, vil hele omr\u00e5det som RGS har driftsansvar for, v\u00e6re ferdig utbygget. Unntaket er vannanlegget, som vi h\u00e5per \u00e5 kunne redegj\u00f8re fremdriften for ved en senere anledning.<\/p>\n<p>Parallelt med at det opparbeides nye gr\u00f8ntomr\u00e5der som skal vedlikeholdes av RGS, blir det ogs\u00e5 flere \u00e5 fordele kostnadene p\u00e5. I skrivende stund har vi ikke full oversikt da endelig budsjett for 2019 ikke er fastlagt, men belastningen p\u00e5 det enkelte sameie\/borettslag b\u00f8r ikke bli st\u00f8rre en i dag.<\/p>\n<h1>&nbsp;<\/h1>\n<h1>&nbsp;<\/h1>","protected":false},"excerpt":{"rendered":"<p>LYS I PARKEN Gardermoen Elektro AS kommer og reparerer feilen ved lysanlegget fredag 19. desember Styret i Romsaas Gr\u00f8nt Sameie LYS I PARKEN N\u00e5 er det igjen m\u00f8rkt i parken. Grunnen er at det er en jordfeil bryter som sl\u00e5r ut lyset. Gardermoen Elektro AS er p\u00e5 saken, men sliter med \u00e5 finne hvor i [&hellip;]<\/p>\n","protected":false},"author":1,"featured_media":0,"parent":0,"menu_order":0,"comment_status":"closed","ping_status":"closed","template":"template_fullwidth.php","meta":{"footnotes":""},"class_list":["post-70","page","type-page","status-publish","hentry"],"_links":{"self":[{"href":"http:\/\/romsaasgront.no\/wordpress\/index.php\/wp-json\/wp\/v2\/pages\/70","targetHints":{"allow":["GET"]}}],"collection":[{"href":"http:\/\/romsaasgront.no\/wordpress\/index.php\/wp-json\/wp\/v2\/pages"}],"about":[{"href":"http:\/\/romsaasgront.no\/wordpress\/index.php\/wp-json\/wp\/v2\/types\/page"}],"author":[{"embeddable":true,"href":"http:\/\/romsaasgront.no\/wordpress\/index.php\/wp-json\/wp\/v2\/users\/1"}],"replies":[{"embeddable":true,"href":"http:\/\/romsaasgront.no\/wordpress\/index.php\/wp-json\/wp\/v2\/comments?post=70"}],"version-history":[{"count":40,"href":"http:\/\/romsaasgront.no\/wordpress\/index.php\/wp-json\/wp\/v2\/pages\/70\/revisions"}],"predecessor-version":[{"id":333,"href":"http:\/\/romsaasgront.no\/wordpress\/index.php\/wp-json\/wp\/v2\/pages\/70\/revisions\/333"}],"wp:attachment":[{"href":"http:\/\/romsaasgront.no\/wordpress\/index.php\/wp-json\/wp\/v2\/media?parent=70"}],"curies":[{"name":"wp","href":"https:\/\/api.w.org\/{rel}","templated":true}]}}