{"id":51,"date":"2017-01-29T15:39:42","date_gmt":"2017-01-29T14:39:42","guid":{"rendered":"http:\/\/romsaasgront.no\/wordpress\/?page_id=51"},"modified":"2025-12-11T18:01:12","modified_gmt":"2025-12-11T17:01:12","slug":"styret","status":"publish","type":"page","link":"http:\/\/romsaasgront.no\/wordpress\/index.php\/styret\/","title":{"rendered":"Styret"},"content":{"rendered":"<h2>RGS\u2019s \u00f8verste myndighet er sameierm\u00f8tet. Ordin\u00e6rt sameierm\u00f8te avholdes en gang pr. \u00e5r. Ekstraordin\u00e6rt sameierm\u00f8te kan om n\u00f8dvendig kalles inn ved behov.<\/h2>\n<p>RGS ledes for \u00f8vrig av et styre som best\u00e5r av styreleder og 4 styremedlemmer. Vedtekter og retningslinjer fastsetter styrets fullmakter og arbeidsomr\u00e5der.<\/p>\n<p><strong>Styret best\u00e5r av<\/strong><\/p>\n<ul>\n<li>Styreleder Petter Flem \u2013 Boligsameiet Jessheim Hageby 2 \u2013<\/li>\n<li>Styremedlem\/sekret\u00e6r\u00a0Hilde Haug \u2013\u00a0Boligsameie Jessheim Hageby 2<\/li>\n<li>Styremedlem Espen Antonsen &#8211; Gate 1 -2 -3<\/li>\n<li>Styremedlem Ann Iren Fosshaug \u2013 D\u00f8litunet borettslag<\/li>\n<li>Styremedlem Kristian Mortensen &#8211; Odelsveien Park 1<\/li>\n<\/ul>\n","protected":false},"excerpt":{"rendered":"<p>RGS\u2019s \u00f8verste myndighet er sameierm\u00f8tet. Ordin\u00e6rt sameierm\u00f8te avholdes en gang pr. \u00e5r. Ekstraordin\u00e6rt sameierm\u00f8te kan om n\u00f8dvendig kalles inn ved behov. RGS ledes for \u00f8vrig av et styre som best\u00e5r av styreleder og 4 styremedlemmer. Vedtekter og retningslinjer fastsetter styrets fullmakter og arbeidsomr\u00e5der. Styret best\u00e5r av Styreleder Petter Flem \u2013 Boligsameiet Jessheim Hageby 2 \u2013 [&hellip;]<\/p>\n","protected":false},"author":1,"featured_media":0,"parent":0,"menu_order":0,"comment_status":"closed","ping_status":"closed","template":"template_fullwidth.php","meta":{"footnotes":""},"class_list":["post-51","page","type-page","status-publish","hentry"],"_links":{"self":[{"href":"http:\/\/romsaasgront.no\/wordpress\/index.php\/wp-json\/wp\/v2\/pages\/51","targetHints":{"allow":["GET"]}}],"collection":[{"href":"http:\/\/romsaasgront.no\/wordpress\/index.php\/wp-json\/wp\/v2\/pages"}],"about":[{"href":"http:\/\/romsaasgront.no\/wordpress\/index.php\/wp-json\/wp\/v2\/types\/page"}],"author":[{"embeddable":true,"href":"http:\/\/romsaasgront.no\/wordpress\/index.php\/wp-json\/wp\/v2\/users\/1"}],"replies":[{"embeddable":true,"href":"http:\/\/romsaasgront.no\/wordpress\/index.php\/wp-json\/wp\/v2\/comments?post=51"}],"version-history":[{"count":7,"href":"http:\/\/romsaasgront.no\/wordpress\/index.php\/wp-json\/wp\/v2\/pages\/51\/revisions"}],"predecessor-version":[{"id":287,"href":"http:\/\/romsaasgront.no\/wordpress\/index.php\/wp-json\/wp\/v2\/pages\/51\/revisions\/287"}],"wp:attachment":[{"href":"http:\/\/romsaasgront.no\/wordpress\/index.php\/wp-json\/wp\/v2\/media?parent=51"}],"curies":[{"name":"wp","href":"https:\/\/api.w.org\/{rel}","templated":true}]}}