{"id":2,"date":"2017-01-28T20:09:42","date_gmt":"2017-01-28T19:09:42","guid":{"rendered":"http:\/\/romsaasgront.no\/wordpress\/?page_id=2"},"modified":"2017-03-26T14:56:07","modified_gmt":"2017-03-26T13:56:07","slug":"sample-page","status":"publish","type":"page","link":"http:\/\/romsaasgront.no\/wordpress\/index.php\/sample-page\/","title":{"rendered":"Romsaas Gr\u00f8nt"},"content":{"rendered":"<h1><em>Romsaas Gr\u00f8nt Sameie (RGS) ble opprettet i februar 2009, og har org.nr. 993\u00a0636\u00a0614.<\/em><\/h1>\n<p>RGS er et sameie for de enkelte borettslag, boligsameier og n\u00e6ringseiendommer p\u00e5 Romsaas, som del av Jessheim Vest.\u00a0<!--more--><\/p>\n<h1><em>Form\u00e5let med Romsaas Gr\u00f8nt Sameie\u00a0<\/em><\/h1>\n<p>RGS har som form\u00e5l \u00e5 ivareta og fremme sameiernes felles interesser knyttet til fellesomr\u00e5dene p\u00e5 Romsaas, herunder forvalte og st\u00e5 for den daglige driften av fellesareal\/eiendom.. RGS kan ta opp alle saker som er egnet til \u00e5 fremme disse form\u00e5l. \u00a0RGS\u2019s styre kan samarbeide med andre foreninger, sammenslutninger, institusjoner og offentlige myndigheter i saker av felles interesse.<\/p>\n<p><a href=\"http:\/\/romsaasgront.no\/wordpress\/index.php\/sample-page\/vedtekter\/\">Vedtektene for Romsaas Torg Sameie<\/a><\/p>\n<p><!--more--><\/p>\n<h1>Romsaas Gr\u00f8nt Sameie\u00a0 (RGS) har etablert hjemmeside.<\/h1>\n<p>Dette gj\u00f8r vi for at vi bedre skal kunne orientere beboere i v\u00e5rt omr\u00e5de\u00a0om det som skjer i n\u00e6rmilj\u00f8et. Det\u00a0hender mye\u00a0i det omr\u00e5det som omfattes av \u00a0RGS. Flere prosjekter er under utbygging ,\u00a0og flere\u00a0kommer \u00a0f\u00f8r alt er utbygd. Vi legger opp til at hjemmesiden skal oppdateres kontinuerlig med aktuelt stoff, slik alle som er interessert kan f\u00f8lge med p\u00e5 utviklingen.<\/p>\n<p>&nbsp;<\/p>\n<p>&nbsp;<\/p>\n","protected":false},"excerpt":{"rendered":"<p>Romsaas Gr\u00f8nt Sameie (RGS) ble opprettet i februar 2009, og har org.nr. 993\u00a0636\u00a0614. RGS er et sameie for de enkelte borettslag, boligsameier og n\u00e6ringseiendommer p\u00e5 Romsaas, som del av Jessheim Vest.\u00a0<\/p>\n","protected":false},"author":1,"featured_media":0,"parent":0,"menu_order":1,"comment_status":"closed","ping_status":"closed","template":"template_fullwidth.php","meta":{"footnotes":""},"class_list":["post-2","page","type-page","status-publish","hentry"],"_links":{"self":[{"href":"http:\/\/romsaasgront.no\/wordpress\/index.php\/wp-json\/wp\/v2\/pages\/2","targetHints":{"allow":["GET"]}}],"collection":[{"href":"http:\/\/romsaasgront.no\/wordpress\/index.php\/wp-json\/wp\/v2\/pages"}],"about":[{"href":"http:\/\/romsaasgront.no\/wordpress\/index.php\/wp-json\/wp\/v2\/types\/page"}],"author":[{"embeddable":true,"href":"http:\/\/romsaasgront.no\/wordpress\/index.php\/wp-json\/wp\/v2\/users\/1"}],"replies":[{"embeddable":true,"href":"http:\/\/romsaasgront.no\/wordpress\/index.php\/wp-json\/wp\/v2\/comments?post=2"}],"version-history":[{"count":14,"href":"http:\/\/romsaasgront.no\/wordpress\/index.php\/wp-json\/wp\/v2\/pages\/2\/revisions"}],"predecessor-version":[{"id":115,"href":"http:\/\/romsaasgront.no\/wordpress\/index.php\/wp-json\/wp\/v2\/pages\/2\/revisions\/115"}],"wp:attachment":[{"href":"http:\/\/romsaasgront.no\/wordpress\/index.php\/wp-json\/wp\/v2\/media?parent=2"}],"curies":[{"name":"wp","href":"https:\/\/api.w.org\/{rel}","templated":true}]}}